{"id":977,"date":"2025-11-27T13:13:50","date_gmt":"2025-11-27T12:13:50","guid":{"rendered":"http:\/\/localhost:8220\/?page_id=977"},"modified":"2025-12-12T09:06:11","modified_gmt":"2025-12-12T08:06:11","slug":"rehydration","status":"publish","type":"page","link":"https:\/\/coco-function.com\/de\/rehydration\/","title":{"rendered":"coco Sports Rehydration"},"content":{"rendered":"\n<c-stage-pdp\n    badge-url=\"https:\/\/coco-function.com\/content\/uploads\/2025\/11\/stage-badge-sports-rehydration.svg\"\n    product-image-url=\"https:\/\/coco-function.com\/content\/uploads\/2025\/11\/stage-product-sports-rehydration.png\"\n    :zoom=\"{&quot;factor&quot;:&quot;50&quot;,&quot;x&quot;:&quot;100&quot;,&quot;y&quot;:&quot;50&quot;}\"\n>\n        <template #step1image>\n        <picture>\n            <source media=\"(orientation: landscape)\" srcset=\"https:\/\/coco-function.com\/content\/uploads\/2025\/12\/stage-bg-sports-rehydration-2-628x353.jpg 628w, https:\/\/coco-function.com\/content\/uploads\/2025\/12\/stage-bg-sports-rehydration-2-1728x972.jpg 1728w\" sizes=\"100vw\">\n            <source media=\"(orientation: portrait)\" srcset=\"https:\/\/coco-function.com\/content\/uploads\/2025\/12\/stage-bg-sports-rehydration-2-353x628.jpg 353w, https:\/\/coco-function.com\/content\/uploads\/2025\/12\/stage-bg-sports-rehydration-2-972x1728.jpg 972w\" sizes=\"100vw\">\n            <img decoding=\"async\" src=\"https:\/\/coco-function.com\/content\/uploads\/2025\/12\/stage-bg-sports-rehydration-2-1728x972.jpg\" alt=\"\" loading=\"eager\">\n        <\/picture>\n    <\/template>\n    \n        <template #step2text>\n        Weltweit erstes<br>Bio-Rehydrationsgetr\u00e4nk    <\/template>\n    \n        <template #step3text>\n        coco Sports Rehydration    <\/template>\n    \n        <template #step6text>\n        <h1>\n            Frucht mit Funktion<br><mark class=\"highlight highlight--color\">coco Sports<\/mark> <mark class=\"highlight highlight--gradient\">Rehydration<\/mark>        <\/h1>\n    <\/template>\n    \n        <template #step6button>\n        <v-btn href=\"#vorteile\" target=\"\">\n            Zu Deinen Vorteilen        <\/v-btn>\n    <\/template>\n    <\/c-stage-pdp>\n\n\n\n\n<c-content-image\n         background=\"default\">\n        <template #headline>\n        \n<h2>Bio Multimix-Saft bei Sport und Hitze<\/h2>\n    <\/template>\n    \n            <template #subline>\n            Die ganze Vielfalt der Natur in einem fruchtig-milden Saft f\u00fcr leistungsorientierte Menschen:        <\/template>\n    \n            <template #image>\n            \n    <component :is=\"'o-image-animation-circle'\" product-name=\"coco-sports-rehydration\"><\/component>\n        <\/template>\n    \n    <p>Nat\u00fcrliche Rehydration mit Mineralstoffen aus Fr\u00fcchten. Dr. Antonio Martins mixt klaren Cocossaft und sonnengereifte Mango. F\u00fcr einen wertvollen Saft, der Dich ganz nat\u00fcrlich mit Elektrolyten versorgt.<\/p>\n<p>Die volle Funktion eines Sport Drinks \u2014 ganz nat\u00fcrlich.<br \/>\ncoco Sports Rehydration liefert wichtige Mineralstoffe und Vitalstoffe in einem ausgewogenen Verh\u00e4ltnis.<br \/>\nZur Unterst\u00fctzung Deiner Rehydrierung bei Sport und hohen Temperaturen; bei Training und in der Regeneration.<\/p>\n<p><strong>In Bio-Qualit\u00e4t aus sorgsamem Anbau.<\/strong><\/p>\n\n            <template #button>\n            \n<v-btn href=\"#vorteile\" target=\"\">Zu Deinen Vorteilen<\/v-btn>\n        <\/template>\n    <\/c-content-image>\n\n\n\n\n<c-benefits id=\"vorteile\">\n        <template #headline>\n        \n<h2>coco Sports Rehydration ist wertvoll\u2005\u2026<\/h2>\n    <\/template>\n    \n    \n                <c-benefits-item type=\"icontext\">\n                                    <template #image>\n                        <o-inline-svg url=\"https:\/\/coco-function.com\/content\/uploads\/2025\/11\/icon-leistung.svg\"><\/o-inline-svg>\n                    <\/template>\n                \n                <template #headline>\n                    <h3>Unterst\u00fctzt deine Erfrischung.<\/h3>\n                <\/template>\n\n                <p>Sorgf\u00e4ltig ausgew\u00e4hlte Bio-Zutaten. Abgestimmt auf den schnellen Ersatz beim Schwitzen verlorener Mineralien und Fl\u00fcssigkeit.<\/p>\n            <\/c-benefits-item>\n            \n    \n                <c-benefits-item type=\"icontext\">\n                                    <template #image>\n                        <o-inline-svg url=\"https:\/\/coco-function.com\/content\/uploads\/2025\/11\/vitalstoffe.svg\"><\/o-inline-svg>\n                    <\/template>\n                \n                <template #headline>\n                    <h3>Wertvolle Vitalstoffe.<\/h3>\n                <\/template>\n\n                <p>Wichtige Mineralstoffe helfen Dir, Deine Rehydration so aufrecht zu halten, dass Dein K\u00f6rper leistungsf\u00e4hig bleibt.<\/p>\n            <\/c-benefits-item>\n            \n    \n                <c-benefits-item type=\"icontext\">\n                                    <template #image>\n                        <o-inline-svg url=\"https:\/\/coco-function.com\/content\/uploads\/2025\/11\/zutaten.svg\"><\/o-inline-svg>\n                    <\/template>\n                \n                <template #headline>\n                    <h3>Die besten Zutaten.<\/h3>\n                <\/template>\n\n                <p>Nat\u00fcrliche Bio-Qualit\u00e4t aus sorgsamem Anbau. Nicht mit Wasser verd\u00fcnnt und v\u00f6llig frei von Zusatzstoffen.<\/p>\n            <\/c-benefits-item>\n            \n    <\/c-benefits>\n\n\n\n\n<c-ingredients\n        :groups=\"[{'label':'Hoher Gehalt an\\u2005\\u2026','ingredients':[{'color':'#0070bf','label':'Kalium','descriptions':['\\u003Cp\\u003EKalium tr\\u00e4gt zu einer \\u003Cstrong\\u003Enormalen Muskelfunktion\\u003C\/strong\\u003E und zur Aufrechterhaltung eines \\u003Cstrong\\u003Enormalen Blutdrucks\\u003C\/strong\\u003E bei.\\u003C\/p\\u003E\\n','\\u003Cp\\u003EVitamin C und Kalium tragen zu einer \\u003Cstrong\\u003Enormalen Funktion des Nervensystems\\u003C\/strong\\u003E bei.\\u003C\/p\\u003E\\n']},{'color':'#95c11e','label':'Chlorid','descriptions':[]}]},{'label':'Quelle von\\u2005\\u2026','ingredients':[{'color':'#ec9f2b','label':'Vitamin A','descriptions':['\\u003Cp\\u003EVitamin A und C tragen zu einer \\u003Cstrong\\u003Enormalen Funktion des Immunsystems\\u003C\/strong\\u003E bei.\\u003C\/p\\u003E\\n']},{'color':'#d6b400','label':'Vitamin C','descriptions':['\\u003Cp\\u003EVitamin C und B2 tragen zur \\u003Cstrong\\u003EVerringerung von M\\u00fcdigkeit und Erm\\u00fcdung\\u003C\/strong\\u003E und dazu bei, die Zellen vor \\u003Cstrong\\u003Eoxidativem Stress zu sch\\u00fctzen\\u003C\/strong\\u003E.\\u003C\/p\\u003E\\n','\\u003Cp\\u003EVitamin A und C tragen zu einer \\u003Cstrong\\u003Enormalen Funktion des Immunsystems\\u003C\/strong\\u003E bei.\\u003C\/p\\u003E\\n','\\u003Cp\\u003EVitamin C und Kalium tragen zu einer \\u003Cstrong\\u003Enormalen Funktion des Nervensystems\\u003C\/strong\\u003E bei.\\u003C\/p\\u003E\\n','\\u003Cp\\u003EVitamin C tr\\u00e4gt zur \\u003Cstrong\\u003Enormalen psychischen Funktion\\u003C\/strong\\u003E bei.\\u003C\/p\\u003E\\n']},{'color':'#c00000','label':'Vitamin B2','descriptions':['\\u003Cp\\u003EVitamin B2 tr\\u00e4gt zu einem \\u003Cstrong\\u003Enormalen Energiestoffwechsel\\u003C\/strong\\u003E bei.\\u003C\/p\\u003E\\n','\\u003Cp\\u003EVitamin C und B2 tragen zur \\u003Cstrong\\u003EVerringerung von M\\u00fcdigkeit und Erm\\u00fcdung\\u003C\/strong\\u003E und dazu bei, die Zellen vor \\u003Cstrong\\u003Eoxidativem Stress zu sch\\u00fctzen\\u003C\/strong\\u003E.\\u003C\/p\\u003E\\n']}]}]\"\n>\n            <template #headline>\n            \n<h2>coco Sports Rehydration liefert Vitalstoffe\u2005\u2026<\/h2>\n        <\/template>\n    \n    <p>coco Sports Rehydration liefert nat\u00fcrliche Vitalstoffe aus Fruchts\u00e4ften. Die Menge und Zusammensetzung aus enthaltenen Vitaminen, Mineralstoffen und Fl\u00fcssigkeit unterst\u00fctzt Dich physisch und psychisch beim Sport, in Erholungsphasen und bei hohen Temperaturen.<\/p>\n\n            <template #image>\n            \n    <component :is=\"'o-image-animation-vital'\" product-name=\"coco-sports-rehydration\"><\/component>\n        <\/template>\n    <\/c-ingredients>\n\n\n\n\n<c-expansion-panel>\n        <template #headline>\n        \n<h2>Du willst es genau wissen?<\/h2>\n    <\/template>\n    \n    \n        <div data-opened=\"true\">\n        <span>Zutaten\u2005\u2026<\/span>\n        <article>\n            \n<c-content-image\n         background=\"default\">\n    \n    \n    \n    <p>Bio-Cocossaft aus Cocossaftkonzentrat (92\u2009%), Bio-Mangop\u00fcree (8\u2009%), Antioxidationsmittel: Ascorbins\u00e4ure.<\/p>\n\n    <\/c-content-image>\n\n        <\/article>\n    <\/div>\n        <div data-opened=\"true\">\n        <span>N\u00e4hrwerttabelle\u2005\u2026<\/span>\n        <article>\n            \n<c-table>\n    \n            <table is=\"vue:v-table\">\n                        <thead>\n                <tr>\n                                            <th>N\u00e4hrwerte<\/th>\n                                            <th>Pro 100 ml<\/th>\n                                            <th>Pro 500 ml<\/th>\n                                    <\/tr>\n            <\/thead>\n            \n                        <tbody>\n                            <tr class=\"highlighted\">\n                                            <td>Energie<\/td>\n                                            <td>69 kJ<br \/>\n16 kcal<\/td>\n                                            <td>344 kJ<br \/>\n82 kcal<\/td>\n                                    <\/tr>\n                            <tr>\n                                            <td>Fett<\/td>\n                                            <td>0 g<\/td>\n                                            <td>0,2 g<\/td>\n                                    <\/tr>\n                            <tr>\n                                            <td>\u2026 davon ges\u00e4ttigte Fetts\u00e4uren<\/td>\n                                            <td>\u2026 0 g<\/td>\n                                            <td>\u2026 0 g<\/td>\n                                    <\/tr>\n                            <tr class=\"highlighted\">\n                                            <td>Kohlenhydrate<\/td>\n                                            <td>3,8 g<\/td>\n                                            <td>18,9 g<\/td>\n                                    <\/tr>\n                            <tr>\n                                            <td>\u2026 davon Zucker<\/td>\n                                            <td>\u2026 2,7 g<\/td>\n                                            <td>\u2026 13,6 g<\/td>\n                                    <\/tr>\n                            <tr class=\"highlighted\">\n                                            <td>Ballaststoffe<\/td>\n                                            <td>0,1 g<\/td>\n                                            <td>0,7 g<\/td>\n                                    <\/tr>\n                            <tr>\n                                            <td>Eiwei\u00df<\/td>\n                                            <td>0,1 g<\/td>\n                                            <td>0,7 g<\/td>\n                                    <\/tr>\n                            <tr class=\"highlighted\">\n                                            <td>Salz<\/td>\n                                            <td>0,02 g<\/td>\n                                            <td>0,12 g<\/td>\n                                    <\/tr>\n                            <tr>\n                                            <td>Vitamin A<\/td>\n                                            <td>90 \u03bcg<br \/>\n11 %*<\/td>\n                                            <td>450 \u03bcg<br \/>\n56 %*<\/td>\n                                    <\/tr>\n                            <tr class=\"highlighted\">\n                                            <td>Vitamin C<\/td>\n                                            <td>5 mg<br \/>\n6 %*<\/td>\n                                            <td>23 mg<br \/>\n28 %*<\/td>\n                                    <\/tr>\n                            <tr>\n                                            <td>Riboflavin B2<\/td>\n                                            <td>0,05 mg<br \/>\n3 %*<\/td>\n                                            <td>0,23 mg<br \/>\n16 %*<\/td>\n                                    <\/tr>\n                            <tr class=\"highlighted\">\n                                            <td>Kalium<\/td>\n                                            <td>182 mg<br \/>\n9 %*<\/td>\n                                            <td>910 mg<br \/>\n46 %*<\/td>\n                                    <\/tr>\n                            <tr>\n                                            <td>Chlorid<\/td>\n                                            <td>88 mg<br \/>\n11 %*<\/td>\n                                            <td>440 mg<br \/>\n55 %*<\/td>\n                                    <\/tr>\n                        <\/tbody>\n                    <\/table>\n    <\/c-table>\n\n\n<c-content-image\n         background=\"default\">\n    \n    \n    \n    <p>* NRV: Referenzmenge f\u00fcr einen durchschnittlichen Erwachsenen (8.400 kJ\/2.000 kcal).<\/p>\n<p>1 Packung mit 500 ml entspricht 1 Portion.<\/p>\n\n    <\/c-content-image>\n\n        <\/article>\n    <\/div>\n    <\/c-expansion-panel>\n\n\n\n\n<c-teaser-collection\n        teaser-style=\"image-bottom\"\n>\n            <template #headline>\n            \n<h2>Lust auf noch mehr?<\/h2>\n        <\/template>\n    \n    <p>Entdecke jetzt die weiteren <strong>Functional-Drinks<\/strong> von coco.<\/p>\n\n            <template #teasers>\n        \n<o-teaser-item-image-bottom    >\n            <template #image>\n            \n    <component :is=\"'o-image-animation-teaser'\" product-name=\"coco-energy\"><\/component>\n        <\/template>\n    \n        <template #headline>\n        <mark class=\"highlight highlight--color-custom highlight--color-coco-energy-drink\">coco Energy<\/mark><br><mark class=\"highlight highlight--gradient-custom highlight--color-coco-energy-drink\">Drink<\/mark>    <\/template>\n    \n        <template #content>\n        <p>Nat\u00fcrliche Energie.<br \/>\nMit Inosit aus Fr\u00fcchten und Bio-Koffein.<br \/>\n<strong>Belebt und unterst\u00fctzt Konzentration \u2026<\/strong><\/p>\n    <\/template>\n    \n        <template #link>\n            <v-btn\n                href=\"\/de\/energy\/\"\n                                variant=\"flat\" class=\"o-teaserItem__button\"\n            >\n                Zu coco Energy Drink            <\/v-btn>\n    <\/template>\n    <\/o-teaser-item-image-bottom>\n\n<o-teaser-item-image-bottom    >\n            <template #image>\n            \n    <component :is=\"'o-image-animation-teaser'\" product-name=\"coco-sports-performance\"><\/component>\n        <\/template>\n    \n        <template #headline>\n        <mark class=\"highlight highlight--color-custom highlight--color-coco-sports-performance\">coco Sports<\/mark><br><mark class=\"highlight highlight--gradient-custom highlight--color-coco-sports-performance\">Performance<\/mark>    <\/template>\n    \n        <template #content>\n        <p>Nat\u00fcrliche Power.<br \/>\nMit Energie und vielen wichtigen Vitalstoffen.<br \/>\n<strong>Bei Leistungs- und Ausdauersport \u2026<\/strong><\/p>\n    <\/template>\n    \n        <template #link>\n            <v-btn\n                href=\"\/de\/performance\/\"\n                                variant=\"flat\" class=\"o-teaserItem__button\"\n            >\n                Zu coco Sports Performance            <\/v-btn>\n    <\/template>\n    <\/o-teaser-item-image-bottom>\n        <\/template>\n    <\/c-teaser-collection>\n\n","protected":false},"excerpt":{"rendered":"","protected":false},"author":3,"featured_media":0,"parent":0,"menu_order":0,"comment_status":"closed","ping_status":"closed","template":"templates\/pdp.php","meta":{"_acf_changed":false,"footnotes":""},"class_list":["post-977","page","type-page","status-publish","hentry"],"acf":[],"yoast_head":"<!-- This site is optimized with the Yoast SEO plugin v27.1.1 - https:\/\/yoast.com\/product\/yoast-seo-wordpress\/ -->\n<title>coco Sports Rehydration - green coco function<\/title>\n<meta name=\"robots\" content=\"index, follow, max-snippet:-1, max-image-preview:large, max-video-preview:-1\" \/>\n<link rel=\"canonical\" href=\"https:\/\/coco-function.com\/de\/rehydration\/\" \/>\n<meta property=\"og:locale\" content=\"de_DE\" \/>\n<meta property=\"og:type\" content=\"article\" \/>\n<meta property=\"og:title\" content=\"coco Sports Rehydration - green coco function\" \/>\n<meta property=\"og:url\" content=\"https:\/\/coco-function.com\/de\/rehydration\/\" \/>\n<meta property=\"og:site_name\" content=\"green coco function\" \/>\n<meta property=\"article:modified_time\" content=\"2025-12-12T08:06:11+00:00\" \/>\n<meta name=\"twitter:card\" content=\"summary_large_image\" \/>\n<meta name=\"twitter:label1\" content=\"Gesch\u00e4tzte Lesezeit\" \/>\n\t<meta name=\"twitter:data1\" content=\"4\u00a0Minuten\" \/>\n<script type=\"application\/ld+json\" class=\"yoast-schema-graph\">{\"@context\":\"https:\/\/schema.org\",\"@graph\":[{\"@type\":\"WebPage\",\"@id\":\"https:\/\/coco-function.com\/de\/rehydration\/\",\"url\":\"https:\/\/coco-function.com\/de\/rehydration\/\",\"name\":\"coco Sports Rehydration - green coco function\",\"isPartOf\":{\"@id\":\"https:\/\/coco-function.com\/de\/#website\"},\"datePublished\":\"2025-11-27T12:13:50+00:00\",\"dateModified\":\"2025-12-12T08:06:11+00:00\",\"breadcrumb\":{\"@id\":\"https:\/\/coco-function.com\/de\/rehydration\/#breadcrumb\"},\"inLanguage\":\"de\",\"potentialAction\":[{\"@type\":\"ReadAction\",\"target\":[\"https:\/\/coco-function.com\/de\/rehydration\/\"]}]},{\"@type\":\"BreadcrumbList\",\"@id\":\"https:\/\/coco-function.com\/de\/rehydration\/#breadcrumb\",\"itemListElement\":[{\"@type\":\"ListItem\",\"position\":1,\"name\":\"Startseite\",\"item\":\"https:\/\/coco-function.com\/de\/\"},{\"@type\":\"ListItem\",\"position\":2,\"name\":\"coco Sports Rehydration\"}]},{\"@type\":\"WebSite\",\"@id\":\"https:\/\/coco-function.com\/de\/#website\",\"url\":\"https:\/\/coco-function.com\/de\/\",\"name\":\"green coco function\",\"description\":\"\",\"potentialAction\":[{\"@type\":\"SearchAction\",\"target\":{\"@type\":\"EntryPoint\",\"urlTemplate\":\"https:\/\/coco-function.com\/de\/?s={search_term_string}\"},\"query-input\":{\"@type\":\"PropertyValueSpecification\",\"valueRequired\":true,\"valueName\":\"search_term_string\"}}],\"inLanguage\":\"de\"}]}<\/script>\n<!-- \/ Yoast SEO plugin. -->","yoast_head_json":{"title":"coco Sports Rehydration - green coco function","robots":{"index":"index","follow":"follow","max-snippet":"max-snippet:-1","max-image-preview":"max-image-preview:large","max-video-preview":"max-video-preview:-1"},"canonical":"https:\/\/coco-function.com\/de\/rehydration\/","og_locale":"de_DE","og_type":"article","og_title":"coco Sports Rehydration - green coco function","og_url":"https:\/\/coco-function.com\/de\/rehydration\/","og_site_name":"green coco function","article_modified_time":"2025-12-12T08:06:11+00:00","twitter_card":"summary_large_image","twitter_misc":{"Gesch\u00e4tzte Lesezeit":"4\u00a0Minuten"},"schema":{"@context":"https:\/\/schema.org","@graph":[{"@type":"WebPage","@id":"https:\/\/coco-function.com\/de\/rehydration\/","url":"https:\/\/coco-function.com\/de\/rehydration\/","name":"coco Sports Rehydration - green coco function","isPartOf":{"@id":"https:\/\/coco-function.com\/de\/#website"},"datePublished":"2025-11-27T12:13:50+00:00","dateModified":"2025-12-12T08:06:11+00:00","breadcrumb":{"@id":"https:\/\/coco-function.com\/de\/rehydration\/#breadcrumb"},"inLanguage":"de","potentialAction":[{"@type":"ReadAction","target":["https:\/\/coco-function.com\/de\/rehydration\/"]}]},{"@type":"BreadcrumbList","@id":"https:\/\/coco-function.com\/de\/rehydration\/#breadcrumb","itemListElement":[{"@type":"ListItem","position":1,"name":"Startseite","item":"https:\/\/coco-function.com\/de\/"},{"@type":"ListItem","position":2,"name":"coco Sports Rehydration"}]},{"@type":"WebSite","@id":"https:\/\/coco-function.com\/de\/#website","url":"https:\/\/coco-function.com\/de\/","name":"green coco function","description":"","potentialAction":[{"@type":"SearchAction","target":{"@type":"EntryPoint","urlTemplate":"https:\/\/coco-function.com\/de\/?s={search_term_string}"},"query-input":{"@type":"PropertyValueSpecification","valueRequired":true,"valueName":"search_term_string"}}],"inLanguage":"de"}]}},"_links":{"self":[{"href":"https:\/\/coco-function.com\/de\/wp-json\/wp\/v2\/pages\/977","targetHints":{"allow":["GET"]}}],"collection":[{"href":"https:\/\/coco-function.com\/de\/wp-json\/wp\/v2\/pages"}],"about":[{"href":"https:\/\/coco-function.com\/de\/wp-json\/wp\/v2\/types\/page"}],"author":[{"embeddable":true,"href":"https:\/\/coco-function.com\/de\/wp-json\/wp\/v2\/users\/3"}],"replies":[{"embeddable":true,"href":"https:\/\/coco-function.com\/de\/wp-json\/wp\/v2\/comments?post=977"}],"version-history":[{"count":20,"href":"https:\/\/coco-function.com\/de\/wp-json\/wp\/v2\/pages\/977\/revisions"}],"predecessor-version":[{"id":1254,"href":"https:\/\/coco-function.com\/de\/wp-json\/wp\/v2\/pages\/977\/revisions\/1254"}],"wp:attachment":[{"href":"https:\/\/coco-function.com\/de\/wp-json\/wp\/v2\/media?parent=977"}],"curies":[{"name":"wp","href":"https:\/\/api.w.org\/{rel}","templated":true}]}}