{"id":72,"date":"2019-10-22T13:06:18","date_gmt":"2019-10-22T11:06:18","guid":{"rendered":"http:\/\/localhost:8089\/?page_id=72"},"modified":"2025-12-12T13:25:14","modified_gmt":"2025-12-12T12:25:14","slug":"startseite","status":"publish","type":"page","link":"https:\/\/coco-function.com\/de\/","title":{"rendered":"Startseite"},"content":{"rendered":"\n<c-stage-pop>\n            <template #step1image>\n            <picture>\n                <source media=\"(orientation: landscape)\" srcset=\"https:\/\/coco-function.com\/content\/uploads\/2025\/12\/stage-bg-pop-628x353.jpg 628w, https:\/\/coco-function.com\/content\/uploads\/2025\/12\/stage-bg-pop-1728x972.jpg 1728w\" sizes=\"100vw\">\n                <source media=\"(orientation: portrait)\" srcset=\"https:\/\/coco-function.com\/content\/uploads\/2025\/12\/stage-bg-pop-353x628.jpg 353w, https:\/\/coco-function.com\/content\/uploads\/2025\/12\/stage-bg-pop-972x1728.jpg 972w\" sizes=\"100vw\">\n                <img decoding=\"async\" src=\"https:\/\/coco-function.com\/content\/uploads\/2025\/12\/stage-bg-pop-1728x972.jpg\" alt=\"\" loading=\"eager\">\n            <\/picture>\n        <\/template>\n    \n            <template #step2headline>\n            <h1>Frucht<br>mit Funktion<\/h1>\n        <\/template>\n    \n        <template #step3products>\n                        <img decoding=\"async\" srcset=\"https:\/\/coco-function.com\/content\/uploads\/2025\/11\/stage-product-sports-performance-172x300.png 172w, https:\/\/coco-function.com\/content\/uploads\/2025\/11\/stage-product-sports-performance-586x1024.png 586w\" sizes=\"auto, 100vw\" src=\"https:\/\/coco-function.com\/content\/uploads\/2025\/11\/stage-product-sports-performance-172x300.png\" alt=\"\" width=\"892\" height=\"1558\" loading=\"lazy\" \/>                        <img decoding=\"async\" srcset=\"https:\/\/coco-function.com\/content\/uploads\/2025\/11\/stage-product-sports-rehydration-172x300.png 172w, https:\/\/coco-function.com\/content\/uploads\/2025\/11\/stage-product-sports-rehydration-586x1024.png 586w\" sizes=\"auto, 100vw\" src=\"https:\/\/coco-function.com\/content\/uploads\/2025\/11\/stage-product-sports-rehydration-172x300.png\" alt=\"\" width=\"892\" height=\"1558\" loading=\"lazy\" \/>                        <img decoding=\"async\" srcset=\"https:\/\/coco-function.com\/content\/uploads\/2025\/11\/stage-product-energy-drink-172x300.png 172w, https:\/\/coco-function.com\/content\/uploads\/2025\/11\/stage-product-energy-drink-586x1024.png 586w\" sizes=\"auto, 100vw\" src=\"https:\/\/coco-function.com\/content\/uploads\/2025\/11\/stage-product-energy-drink-172x300.png\" alt=\"\" width=\"831\" height=\"1452\" loading=\"lazy\" \/>            <\/template>\n    \n        <template #step3overline>\n        <strong class=\"c-stage-pop__overline\">Bio Multimix-S\u00e4fte f\u00fcr leistungsorientierte Menschen<\/strong>\n    <\/template>\n    \n        <template #step3headline>\n        <h2 class=\"c-stage-pop__headline\">Frucht<br>mit Funktion<\/h2>\n    <\/template>\n    \n        <template #step3subline>\n        <strong class=\"c-stage-pop__subline\">Jetzt als Sport- und Energy-Drinks, nur aus nat\u00fcrlichen Zutaten in Bio-Qualit\u00e4t.<\/strong>\n    <\/template>\n    \n        <template #step3text>\n        <p>Obst und Gem\u00fcse enthalten von Natur \u2028aus eine F\u00fclle wertvoller N\u00e4hrstoffe.<\/p>\n<p>Wir haben clever kombiniert und drei Bio-S\u00e4fte\u2028 geschaffen, die Dir dabei helfen, dich ausgewogen zu ern\u00e4hren.<\/p>\n<p><strong>In Bio-Qualit\u00e4t aus sorgsamem Anbau.<\/strong><\/p>\n    <\/template>\n    \n<\/c-stage-pop>\n\n\n\n\n<c-benefits>\n        <template #headline>\n        \n<h2>Wertvolle S\u00e4fte, die dich ganz nat\u00fcrlich unterst\u00fctzen<\/h2>\n    <\/template>\n    \n    \n                <c-benefits-item type=\"textbox\">\n                                <template #headline>\n                    <h3>100\u2005%<\/h3>\n                <\/template>\n                \n                <p>Frucht und Gem\u00fcse<\/p>\n            <\/c-benefits-item>\n            \n    \n                <c-benefits-item type=\"textbox\">\n                                <template #headline>\n                    <h3>100\u2005%<\/h3>\n                <\/template>\n                \n                <p>Bio<\/p>\n            <\/c-benefits-item>\n            \n    \n                <c-benefits-item type=\"textbox\">\n                                <template #headline>\n                    <h3>Ohne<\/h3>\n                <\/template>\n                \n                <p>Wasserzugabe<\/p>\n            <\/c-benefits-item>\n            \n    \n                <c-benefits-item type=\"textbox\">\n                                <template #headline>\n                    <h3>Ohne<\/h3>\n                <\/template>\n                \n                <p>Zuckerzusatz<\/p>\n            <\/c-benefits-item>\n            \n    \n                <c-benefits-item type=\"textbox\">\n                                <template #headline>\n                    <h3>Ohne<\/h3>\n                <\/template>\n                \n                <p>Aromen<\/p>\n            <\/c-benefits-item>\n            \n    <\/c-benefits>\n\n\n\n\n<c-teaser-collection\n        teaser-style=\"image-background\"\n>\n            <template #headline>\n            \n<h2>Entdecke 3 clever kombinierte Sorten\u2005\u2026<\/h2>\n        <\/template>\n    \n    <p>Vitamine, Mineralstoffe und Vitalstoffe aus Fr\u00fcchten und Gem\u00fcse. In wertvollen S\u00e4ften, die Dich ganz <strong>nat\u00fcrlich erfrischen und unterst\u00fctzen<\/strong>:<\/p>\n\n            <template #teasers>\n        \n<o-teaser-item-image-background    border-color=\"#ee8625\">\n            <template #image>\n            \n    <v-img lazy-src=\"https:\/\/coco-function.com\/content\/uploads\/2025\/11\/teaser-sports-performance-300x266.png\" srcset=\"https:\/\/coco-function.com\/content\/uploads\/2025\/11\/teaser-sports-performance-150x150.png 150w, https:\/\/coco-function.com\/content\/uploads\/2025\/11\/teaser-sports-performance-300x266.png 300w, https:\/\/coco-function.com\/content\/uploads\/2025\/11\/teaser-sports-performance.png 768w\" sizes=\"(min-width: 1360px) 408px, (min-width: 960px) 271px, 100vw\" src=\"https:\/\/coco-function.com\/content\/uploads\/2025\/11\/teaser-sports-performance-300x266.png\" alt=\"\" aspect-ratio=\"768\/681\" :width=\"768\">\n    <template #placeholder>\n        <div class=\"d-flex align-center justify-center fill-height\">\n            <v-progress-circular color=\"primary\" indeterminate><\/v-progress-circular>\n        <\/div>\n    <\/template>\n<\/v-img>        <\/template>\n    \n    \n        <template #content>\n        <p>Nat\u00fcrliche Power.<br \/>\nMit Energie und vielen<br \/>\nwichtigen Vitalstoffen.<br \/>\n<strong>Bei Leistungs- und<br \/>\nAusdauersport \u2026<\/strong><\/p>\n    <\/template>\n    \n        <template #link>\n            <v-btn\n                href=\"\/de\/performance\/\"\n                                variant=\"flat\" class=\"o-teaserItem__button\"\n            >\n                Zu coco Sports Performance            <\/v-btn>\n    <\/template>\n    <\/o-teaser-item-image-background>\n\n<o-teaser-item-image-background    border-color=\"#951b81\">\n            <template #image>\n            \n    <v-img lazy-src=\"https:\/\/coco-function.com\/content\/uploads\/2025\/11\/teaser-energy-drink-300x266.png\" srcset=\"https:\/\/coco-function.com\/content\/uploads\/2025\/11\/teaser-energy-drink-150x150.png 150w, https:\/\/coco-function.com\/content\/uploads\/2025\/11\/teaser-energy-drink-300x266.png 300w, https:\/\/coco-function.com\/content\/uploads\/2025\/11\/teaser-energy-drink.png 768w\" sizes=\"(min-width: 1360px) 408px, (min-width: 960px) 271px, 100vw\" src=\"https:\/\/coco-function.com\/content\/uploads\/2025\/11\/teaser-energy-drink-300x266.png\" alt=\"\" aspect-ratio=\"768\/681\" :width=\"768\">\n    <template #placeholder>\n        <div class=\"d-flex align-center justify-center fill-height\">\n            <v-progress-circular color=\"primary\" indeterminate><\/v-progress-circular>\n        <\/div>\n    <\/template>\n<\/v-img>        <\/template>\n    \n    \n        <template #content>\n        <p>Nat\u00fcrliche Energie.<br \/>\nMit Inosit aus Fr\u00fcchten<br \/>\nund Bio-Koffein.<br \/>\n<strong>Belebt und unterst\u00fctzt<br \/>\nKonzentration \u2026<\/strong><\/p>\n    <\/template>\n    \n        <template #link>\n            <v-btn\n                href=\"\/de\/energy\/\"\n                                variant=\"flat\" class=\"o-teaserItem__button\"\n            >\n                Zu coco Energy Drink            <\/v-btn>\n    <\/template>\n    <\/o-teaser-item-image-background>\n\n<o-teaser-item-image-background    border-color=\"#ffb410\">\n            <template #image>\n            \n    <v-img lazy-src=\"https:\/\/coco-function.com\/content\/uploads\/2025\/11\/teaser-sports-rehydration-300x266.png\" srcset=\"https:\/\/coco-function.com\/content\/uploads\/2025\/11\/teaser-sports-rehydration-150x150.png 150w, https:\/\/coco-function.com\/content\/uploads\/2025\/11\/teaser-sports-rehydration-300x266.png 300w, https:\/\/coco-function.com\/content\/uploads\/2025\/11\/teaser-sports-rehydration.png 768w\" sizes=\"(min-width: 1360px) 408px, (min-width: 960px) 271px, 100vw\" src=\"https:\/\/coco-function.com\/content\/uploads\/2025\/11\/teaser-sports-rehydration-300x266.png\" alt=\"\" aspect-ratio=\"768\/681\" :width=\"768\">\n    <template #placeholder>\n        <div class=\"d-flex align-center justify-center fill-height\">\n            <v-progress-circular color=\"primary\" indeterminate><\/v-progress-circular>\n        <\/div>\n    <\/template>\n<\/v-img>        <\/template>\n    \n    \n        <template #content>\n        <p>Nat\u00fcrliche Rehydration.<br \/>\nMit Mineralstoffen aus<br \/>\nFr\u00fcchten.<br \/>\n<strong>Bei Freizeitsport und<br \/>\nhohen Temperaturen \u2026<\/strong><\/p>\n    <\/template>\n    \n        <template #link>\n            <v-btn\n                href=\"\/de\/rehydration\/\"\n                                variant=\"flat\" class=\"o-teaserItem__button\"\n            >\n                Zu coco Sports Rehydration            <\/v-btn>\n    <\/template>\n    <\/o-teaser-item-image-background>\n        <\/template>\n    <\/c-teaser-collection>\n\n\n\n\n<c-content-image\n         background=\"default\">\n        <template #headline>\n        \n<h2>Ist gut und schmeckt gut<\/h2>\n    <\/template>\n    \n    \n    \n    <p>Dr. Antonio Martins coco Multimix-S\u00e4fte sind richtig lecker.<br \/>\nUnd einzigartig: 100 % Frucht in Bio-Qualit\u00e4t \u2013 ohne k\u00fcnstliche Zus\u00e4tze.<\/p>\n<p>Klassische Sportgetr\u00e4nke kommen nicht ohne eine Menge an Zusatzstoffen aus; Energy Drinks sind \u00fcberzuckert und k\u00fcnstlich. Wenn Du Dich bewusst ern\u00e4hren willst, kommen solche hochverarbeiteten Produkte nicht in Frage.<\/p>\n<p><strong>Bei Leistungs- und Freizeitsport, bei Anstrengung und Hitze oder wenn Dir einfach Energie fehlt oder Du Dich konzentrieren musst, braucht Dein K\u00f6rper die passenden N\u00e4hrstoffe.<\/strong><\/p>\n<p>Dr. Antonio Martins coco Bio Multimix-S\u00e4fte sind genau daf\u00fcr gemacht: Funktionale Sport und Energy Drinks, ausschlie\u00dflich aus Obst und Gem\u00fcse. Von einem Team, das mit Leidenschaft, Transparenz und Nachhaltigkeit jeden Tag daran arbeitet, Dir bestm\u00f6gliche Bio-Produkte zu bieten. Damit Du Deiner eigenen Leidenschaft beim Sport und im Alltag mit voller Energie und einem guten Gef\u00fchl nachgehen kannst.<\/p>\n\n    <\/c-content-image>\n\n","protected":false},"excerpt":{"rendered":"","protected":false},"author":3,"featured_media":0,"parent":0,"menu_order":0,"comment_status":"closed","ping_status":"closed","template":"","meta":{"_acf_changed":false,"footnotes":""},"class_list":["post-72","page","type-page","status-publish","hentry"],"acf":[],"yoast_head":"<!-- This site is optimized with the Yoast SEO plugin v27.1.1 - https:\/\/yoast.com\/product\/yoast-seo-wordpress\/ -->\n<title>Startseite - green coco function<\/title>\n<meta name=\"robots\" content=\"index, follow, max-snippet:-1, max-image-preview:large, max-video-preview:-1\" \/>\n<link rel=\"canonical\" href=\"https:\/\/coco-function.com\/de\/\" \/>\n<meta property=\"og:locale\" content=\"de_DE\" \/>\n<meta property=\"og:type\" content=\"article\" \/>\n<meta property=\"og:title\" content=\"Startseite - green coco function\" \/>\n<meta property=\"og:url\" content=\"https:\/\/coco-function.com\/de\/\" \/>\n<meta property=\"og:site_name\" content=\"green coco function\" \/>\n<meta property=\"article:modified_time\" content=\"2025-12-12T12:25:14+00:00\" \/>\n<meta name=\"twitter:card\" content=\"summary_large_image\" \/>\n<meta name=\"twitter:label1\" content=\"Gesch\u00e4tzte Lesezeit\" \/>\n\t<meta name=\"twitter:data1\" content=\"3\u00a0Minuten\" \/>\n<script type=\"application\/ld+json\" class=\"yoast-schema-graph\">{\"@context\":\"https:\/\/schema.org\",\"@graph\":[{\"@type\":\"WebPage\",\"@id\":\"https:\/\/coco-function.com\/de\/\",\"url\":\"https:\/\/coco-function.com\/de\/\",\"name\":\"Startseite - green coco function\",\"isPartOf\":{\"@id\":\"https:\/\/coco-function.com\/de\/#website\"},\"datePublished\":\"2019-10-22T11:06:18+00:00\",\"dateModified\":\"2025-12-12T12:25:14+00:00\",\"breadcrumb\":{\"@id\":\"https:\/\/coco-function.com\/de\/#breadcrumb\"},\"inLanguage\":\"de\",\"potentialAction\":[{\"@type\":\"ReadAction\",\"target\":[\"https:\/\/coco-function.com\/de\/\"]}]},{\"@type\":\"BreadcrumbList\",\"@id\":\"https:\/\/coco-function.com\/de\/#breadcrumb\",\"itemListElement\":[{\"@type\":\"ListItem\",\"position\":1,\"name\":\"Startseite\",\"item\":\"https:\/\/coco-function.com\/de\/\"},{\"@type\":\"ListItem\",\"position\":2,\"name\":\"Startseite\"}]},{\"@type\":\"WebSite\",\"@id\":\"https:\/\/coco-function.com\/de\/#website\",\"url\":\"https:\/\/coco-function.com\/de\/\",\"name\":\"green coco function\",\"description\":\"\",\"potentialAction\":[{\"@type\":\"SearchAction\",\"target\":{\"@type\":\"EntryPoint\",\"urlTemplate\":\"https:\/\/coco-function.com\/de\/?s={search_term_string}\"},\"query-input\":{\"@type\":\"PropertyValueSpecification\",\"valueRequired\":true,\"valueName\":\"search_term_string\"}}],\"inLanguage\":\"de\"}]}<\/script>\n<!-- \/ Yoast SEO plugin. -->","yoast_head_json":{"title":"Startseite - green coco function","robots":{"index":"index","follow":"follow","max-snippet":"max-snippet:-1","max-image-preview":"max-image-preview:large","max-video-preview":"max-video-preview:-1"},"canonical":"https:\/\/coco-function.com\/de\/","og_locale":"de_DE","og_type":"article","og_title":"Startseite - green coco function","og_url":"https:\/\/coco-function.com\/de\/","og_site_name":"green coco function","article_modified_time":"2025-12-12T12:25:14+00:00","twitter_card":"summary_large_image","twitter_misc":{"Gesch\u00e4tzte Lesezeit":"3\u00a0Minuten"},"schema":{"@context":"https:\/\/schema.org","@graph":[{"@type":"WebPage","@id":"https:\/\/coco-function.com\/de\/","url":"https:\/\/coco-function.com\/de\/","name":"Startseite - green coco function","isPartOf":{"@id":"https:\/\/coco-function.com\/de\/#website"},"datePublished":"2019-10-22T11:06:18+00:00","dateModified":"2025-12-12T12:25:14+00:00","breadcrumb":{"@id":"https:\/\/coco-function.com\/de\/#breadcrumb"},"inLanguage":"de","potentialAction":[{"@type":"ReadAction","target":["https:\/\/coco-function.com\/de\/"]}]},{"@type":"BreadcrumbList","@id":"https:\/\/coco-function.com\/de\/#breadcrumb","itemListElement":[{"@type":"ListItem","position":1,"name":"Startseite","item":"https:\/\/coco-function.com\/de\/"},{"@type":"ListItem","position":2,"name":"Startseite"}]},{"@type":"WebSite","@id":"https:\/\/coco-function.com\/de\/#website","url":"https:\/\/coco-function.com\/de\/","name":"green coco function","description":"","potentialAction":[{"@type":"SearchAction","target":{"@type":"EntryPoint","urlTemplate":"https:\/\/coco-function.com\/de\/?s={search_term_string}"},"query-input":{"@type":"PropertyValueSpecification","valueRequired":true,"valueName":"search_term_string"}}],"inLanguage":"de"}]}},"_links":{"self":[{"href":"https:\/\/coco-function.com\/de\/wp-json\/wp\/v2\/pages\/72","targetHints":{"allow":["GET"]}}],"collection":[{"href":"https:\/\/coco-function.com\/de\/wp-json\/wp\/v2\/pages"}],"about":[{"href":"https:\/\/coco-function.com\/de\/wp-json\/wp\/v2\/types\/page"}],"author":[{"embeddable":true,"href":"https:\/\/coco-function.com\/de\/wp-json\/wp\/v2\/users\/3"}],"replies":[{"embeddable":true,"href":"https:\/\/coco-function.com\/de\/wp-json\/wp\/v2\/comments?post=72"}],"version-history":[{"count":20,"href":"https:\/\/coco-function.com\/de\/wp-json\/wp\/v2\/pages\/72\/revisions"}],"predecessor-version":[{"id":1260,"href":"https:\/\/coco-function.com\/de\/wp-json\/wp\/v2\/pages\/72\/revisions\/1260"}],"wp:attachment":[{"href":"https:\/\/coco-function.com\/de\/wp-json\/wp\/v2\/media?parent=72"}],"curies":[{"name":"wp","href":"https:\/\/api.w.org\/{rel}","templated":true}]}}