{"id":697,"date":"2025-11-07T12:49:45","date_gmt":"2025-11-07T11:49:45","guid":{"rendered":"http:\/\/localhost:8220\/?page_id=697"},"modified":"2026-02-16T15:53:44","modified_gmt":"2026-02-16T14:53:44","slug":"energy","status":"publish","type":"page","link":"https:\/\/coco-function.com\/de\/energy\/","title":{"rendered":"coco Energy Drink"},"content":{"rendered":"\n<c-stage-pdp\n    badge-url=\"https:\/\/coco-function.com\/content\/uploads\/2025\/11\/stage-badge-energy-drink.svg\"\n    product-image-url=\"https:\/\/coco-function.com\/content\/uploads\/2025\/11\/stage-product-energy-drink.png\"\n    :zoom=\"{&quot;factor&quot;:&quot;100&quot;,&quot;x&quot;:&quot;15&quot;,&quot;y&quot;:&quot;15&quot;}\"\n>\n        <template #step1image>\n        <picture>\n            <source media=\"(orientation: landscape)\" srcset=\"https:\/\/coco-function.com\/content\/uploads\/2025\/11\/stage-bg-energy-drink-628x353.jpg 628w, https:\/\/coco-function.com\/content\/uploads\/2025\/11\/stage-bg-energy-drink-1728x972.jpg 1728w\" sizes=\"100vw\">\n            <source media=\"(orientation: portrait)\" srcset=\"https:\/\/coco-function.com\/content\/uploads\/2025\/11\/stage-bg-energy-drink-353x628.jpg 353w, https:\/\/coco-function.com\/content\/uploads\/2025\/11\/stage-bg-energy-drink-972x1728.jpg 972w\" sizes=\"100vw\">\n            <img decoding=\"async\" src=\"https:\/\/coco-function.com\/content\/uploads\/2025\/11\/stage-bg-energy-drink-1728x972.jpg\" alt=\"\" loading=\"eager\">\n        <\/picture>\n    <\/template>\n    \n        <template #step2text>\n        Weltweit erster echter<br>Bio-Energy-Drink    <\/template>\n    \n        <template #step3text>\n        coco Energy Drink    <\/template>\n    \n        <template #step6text>\n        <h1>\n            Frucht mit Funktion<br><mark class=\"highlight highlight--color\">coco Energy<\/mark> <mark class=\"highlight highlight--gradient\">Drink<\/mark>        <\/h1>\n    <\/template>\n    \n        <template #step6button>\n        <v-btn href=\"#vorteile\" target=\"\">\n            Zu Deinen Vorteilen        <\/v-btn>\n    <\/template>\n    <\/c-stage-pdp>\n\n\n\n\n<c-content-image\n         background=\"default\">\n        <template #headline>\n        \n<h2>Bio Multimix-Frucht Energy Drink<\/h2>\n    <\/template>\n    \n            <template #subline>\n            Die ganze Vielfalt der Natur in einem fruchtig-milden Saft f\u00fcr leistungsorientierte Menschen:        <\/template>\n    \n            <template #image>\n            \n    <component :is=\"'o-image-animation-circle'\" product-name=\"coco-energy\"><\/component>\n        <\/template>\n    \n    <p>Mit Inosit aus Fr\u00fcchten und nat\u00fcrlichem Bio-Koffein. Dr. Antonio Martins mixt klaren Cocossaft, Traube und Maracuja und gibt nat\u00fcrliches Koffein aus gr\u00fcnen Kaffeebohnen dazu. F\u00fcr einen belebenden Energy Drink aus Fruchtsaft, der richtig lecker schmeckt.<\/p>\n<p>Die volle Funktion eines Energy Drinks \u2013 ganz nat\u00fcrlich. coco Energy Drink liefert wichtige Energie und Vitalstoffe in einem ausgewogenen Verh\u00e4ltnis. Zur Unterst\u00fctzung Deiner Ern\u00e4hrung in Phasen hoher Konzentration und Belastung.<\/p>\n<p><strong>In Bio-Qualit\u00e4t aus sorgsamem Anbau.<\/strong><\/p>\n\n            <template #button>\n            \n<v-btn href=\"#vorteile\" target=\"\">Zu Deinen Vorteilen<\/v-btn>\n        <\/template>\n    <\/c-content-image>\n\n\n\n\n<c-benefits id=\"vorteile\">\n        <template #headline>\n        \n<h2>coco Energy Drink ist wertvoll\u2005\u2026<\/h2>\n    <\/template>\n    \n    \n                <c-benefits-item type=\"icontext\">\n                                    <template #image>\n                        <o-inline-svg url=\"https:\/\/coco-function.com\/content\/uploads\/2025\/11\/icon-leistung.svg\"><\/o-inline-svg>\n                    <\/template>\n                \n                <template #headline>\n                    <h3>Unterst\u00fctzt deine Leistung.<\/h3>\n                <\/template>\n\n                <p>Sorgf\u00e4ltig ausgew\u00e4hlte Bio-Zutaten. F\u00fcr mehr Energie, Konzentration und Aufmerksamkeit im Alltag und in Phasen hoher Belastung.<\/p>\n            <\/c-benefits-item>\n            \n    \n                <c-benefits-item type=\"icontext\">\n                                    <template #image>\n                        <o-inline-svg url=\"https:\/\/coco-function.com\/content\/uploads\/2025\/11\/vitalstoffe.svg\"><\/o-inline-svg>\n                    <\/template>\n                \n                <template #headline>\n                    <h3>Wertvolle Vitalstoffe.<\/h3>\n                <\/template>\n\n                <p>Wichtige Energie, Vitamine und Mineralstoffe. Dazu Inosit aus Fr\u00fcchten und nat\u00fcrliches Koffein.<\/p>\n            <\/c-benefits-item>\n            \n    \n                <c-benefits-item type=\"icontext\">\n                                    <template #image>\n                        <o-inline-svg url=\"https:\/\/coco-function.com\/content\/uploads\/2025\/11\/zutaten.svg\"><\/o-inline-svg>\n                    <\/template>\n                \n                <template #headline>\n                    <h3>Die besten Zutaten.<\/h3>\n                <\/template>\n\n                <p>Nat\u00fcrliche Bio-Qualit\u00e4t aus sorgsamem Anbau. Nicht mit Wasser verd\u00fcnnt und v\u00f6llig\u2028frei von Zusatzstoffen.<\/p>\n            <\/c-benefits-item>\n            \n    <\/c-benefits>\n\n\n\n\n<c-ingredients\n        :groups=\"[{'label':'Hoher Gehalt an\\u2005\\u2026','ingredients':[{'color':'#0070bf','label':'Kalium','descriptions':['\\u003Cp\\u003EVitamin C und Kalium tragen zu einer \\u003Cstrong\\u003Enormalen Funktion des Nervensystems\\u003C\/strong\\u003E bei.\\u003C\/p\\u003E\\n','\\u003Cp\\u003EKalium tr\\u00e4gt zur Aufrechterhaltung eines \\u003Cstrong\\u003Enormalen Blutdrucks\\u003C\/strong\\u003E bei.\\u003C\/p\\u003E\\n','\\u003Cp\\u003EKalium tr\\u00e4gt zu einer \\u003Cstrong\\u003Enormalen Muskelfunktion\\u003C\/strong\\u003E bei.\\u003C\/p\\u003E\\n']},{'color':'#ec9f2b','label':'Vitamin A','descriptions':['\\u003Cp\\u003EVitamin A und C tragen zu einer \\u003Cstrong\\u003Enormalen Funktion des Immunsystems\\u003C\/strong\\u003E bei.\\u003C\/p\\u003E\\n']},{'color':'#aa7941','label':'Koffein','descriptions':['\\u003Cp\\u003EKoffein tr\\u00e4gt zur \\u003Cstrong\\u003EVerbesserung der Aufmerksamkeit\\u003C\/strong\\u003E bei.\\u003C\/p\\u003E\\n','\\u003Cp\\u003EKoffein tr\\u00e4gt zur \\u003Cstrong\\u003EVerbesserung der Konzentration\\u003C\/strong\\u003E bei.\\u003C\/p\\u003E\\n']},{'color':'#921d92','label':'Inosit','descriptions':[]}]},{'label':'Quelle von\\u2005\\u2026','ingredients':[{'color':'#d6b400','label':'Vitamin C','descriptions':['\\u003Cp\\u003EVitamin C tr\\u00e4gt zur \\u003Cstrong\\u003EVerringerung von M\\u00fcdigkeit und Erm\\u00fcdung\\u003C\/strong\\u003E bei.\\u003C\/p\\u003E\\n','\\u003Cp\\u003EVitamin C und Kalium tragen zu einer \\u003Cstrong\\u003Enormalen Funktion des Nervensystems\\u003C\/strong\\u003E bei.\\u003C\/p\\u003E\\n','\\u003Cp\\u003EVitamin C tr\\u00e4gt zur \\u003Cstrong\\u003Enormalen psychischen Funktion\\u003C\/strong\\u003E bei.\\u003C\/p\\u003E\\n','\\u003Cp\\u003EVitamin A und C tragen zu einer \\u003Cstrong\\u003Enormalen Funktion des Immunsystems\\u003C\/strong\\u003E bei.\\u003C\/p\\u003E\\n','\\u003Cp\\u003EVitamin C tr\\u00e4gt dazu bei, die \\u003Cstrong\\u003EZellen vor oxidativem Stress zu sch\\u00fctzen\\u003C\/strong\\u003E.\\u003C\/p\\u003E\\n']},{'color':'#92d04e','label':'Chlorid','descriptions':[]}]}]\"\n>\n            <template #headline>\n            \n<h2>coco Energy Drink liefert Vitalstoffe\u2005\u2026<\/h2>\n        <\/template>\n    \n    <p>coco Energy Drink liefert nat\u00fcrliche Energie und Vitalstoffe aus Fruchts\u00e4ften. Die Menge und Zusammensetzung aus enthaltener Energie, Vitaminen, Mineralstoffen, Inosit und Koffein unterst\u00fctzt Dich physisch und psychisch im Alltag und in Phasen hoher Belastung.<\/p>\n\n            <template #image>\n            \n    <component :is=\"'o-image-animation-vital'\" product-name=\"coco-energy\"><\/component>\n        <\/template>\n    <\/c-ingredients>\n\n\n\n\n<c-expansion-panel>\n        <template #headline>\n        \n<h2>Du willst es genau wissen?<\/h2>\n    <\/template>\n    \n    \n        <div data-opened=\"true\">\n        <span>Zutaten\u2005\u2026<\/span>\n        <article>\n            \n<c-content-image\n         background=\"default\">\n    \n    \n    \n    <p>Bio-Cocossaft* (65 %), Bio-Traubensaft* (25 %), Bio-Maracujasaft* (10 %), Bio-Koffein.<\/p>\n<p>* Aus Fruchtsaftkonzentrat.<\/p>\n\n    <\/c-content-image>\n\n        <\/article>\n    <\/div>\n        <div>\n        <span>N\u00e4hrwerttabelle\u2005\u2026<\/span>\n        <article>\n            \n<c-table>\n    \n            <table is=\"vue:v-table\">\n                        <thead>\n                <tr>\n                                            <th>N\u00e4hrwerte<\/th>\n                                            <th>Pro 100 ml<\/th>\n                                            <th>Pro 330 ml<\/th>\n                                    <\/tr>\n            <\/thead>\n            \n                        <tbody>\n                            <tr class=\"highlighted\">\n                                            <td>Energie<\/td>\n                                            <td>100 kJ<br \/>\n24k cal<\/td>\n                                            <td>331 kJ<br \/>\n78 kcal<\/td>\n                                    <\/tr>\n                            <tr>\n                                            <td>Fett<\/td>\n                                            <td>0 g<\/td>\n                                            <td>0 g<\/td>\n                                    <\/tr>\n                            <tr>\n                                            <td>\u2026 davon ges\u00e4ttigte Fetts\u00e4uren<\/td>\n                                            <td>\u2026 0 g<\/td>\n                                            <td>\u2026 0 g<\/td>\n                                    <\/tr>\n                            <tr class=\"highlighted\">\n                                            <td>Kohlenhydrate<\/td>\n                                            <td>5,3 g<\/td>\n                                            <td>17,4 g<\/td>\n                                    <\/tr>\n                            <tr>\n                                            <td>\u2026 davon Zucker<\/td>\n                                            <td>\u2026 4,0 g<\/td>\n                                            <td>\u202613,4 g<\/td>\n                                    <\/tr>\n                            <tr class=\"highlighted\">\n                                            <td>Eiwei\u00df<\/td>\n                                            <td>0 g<\/td>\n                                            <td>0,7 g<\/td>\n                                    <\/tr>\n                            <tr>\n                                            <td>Salz<\/td>\n                                            <td>0,25 g<\/td>\n                                            <td>0,83 g<br \/>\n<\/td>\n                                    <\/tr>\n                            <tr class=\"highlighted\">\n                                            <td>Vitamin A<\/td>\n                                            <td>67 \u03bcg<br \/>\n8 %*<\/td>\n                                            <td>220 \u03bcg<br \/>\n28 %*<\/td>\n                                    <\/tr>\n                            <tr>\n                                            <td>Vitamin C<\/td>\n                                            <td>4 mg<br \/>\n5 %*<\/td>\n                                            <td>14 mg<br \/>\n18 %*<\/td>\n                                    <\/tr>\n                            <tr class=\"highlighted\">\n                                            <td>Kalium<\/td>\n                                            <td>209 mg<br \/>\n10 %*<\/td>\n                                            <td>690 mg<br \/>\n35 %*<\/td>\n                                    <\/tr>\n                            <tr>\n                                            <td>Chlorid<\/td>\n                                            <td>88 mg<br \/>\n11 %*<\/td>\n                                            <td>291 mg<br \/>\n36 %*<\/td>\n                                    <\/tr>\n                        <\/tbody>\n                    <\/table>\n    <\/c-table>\n\n\n<c-content-image\n         background=\"default\">\n    \n    \n    \n    <p>* NRV: Referenzmenge f\u00fcr einen durchschnittlichen Erwachsenen (8.400 kJ\/2.000 kcal).<\/p>\n\n    <\/c-content-image>\n\n\n<c-table>\n    \n            <table is=\"vue:v-table\">\n                        <thead>\n                <tr>\n                                            <th><\/th>\n                                            <th>Pro 100 ml<\/th>\n                                            <th>Pro 330 ml<\/th>\n                                    <\/tr>\n            <\/thead>\n            \n                        <tbody>\n                            <tr class=\"highlighted\">\n                                            <td>Koffein<\/td>\n                                            <td>25 mg<\/td>\n                                            <td>83 mg<\/td>\n                                    <\/tr>\n                            <tr>\n                                            <td>Inosit<\/td>\n                                            <td>20 mg<\/td>\n                                            <td>66 mg<\/td>\n                                    <\/tr>\n                        <\/tbody>\n                    <\/table>\n    <\/c-table>\n\n\n<c-content-image\n         background=\"default\">\n    \n    \n    \n    <p>1 Packung mit 330 ml entspricht 1 Portion.<\/p>\n\n    <\/c-content-image>\n\n        <\/article>\n    <\/div>\n    <\/c-expansion-panel>\n\n\n\n\n<c-teaser-collection\n        teaser-style=\"image-bottom\"\n>\n            <template #headline>\n            \n<h2>Lust auf noch mehr?<\/h2>\n        <\/template>\n    \n    <p>Entdecke jetzt die weiteren <strong>Functional-Drinks<\/strong> von coco.<\/p>\n\n            <template #teasers>\n        \n<o-teaser-item-image-bottom    >\n            <template #image>\n            \n    <component :is=\"'o-image-animation-teaser'\" product-name=\"coco-sports-rehydration\"><\/component>\n        <\/template>\n    \n        <template #headline>\n        <mark class=\"highlight highlight--color-custom highlight--color-coco-sports-rehydration\">coco Sports<\/mark><br><mark class=\"highlight highlight--gradient-custom highlight--color-coco-sports-rehydration\">Rehydration<\/mark>    <\/template>\n    \n        <template #content>\n        <p>Nat\u00fcrliche Rehydration.<br \/>\nMit Mineralstoffen aus Fr\u00fcchten.<br \/>\n<strong>Bei Freizeitsport und hohen Temperaturen \u2026<\/strong><\/p>\n    <\/template>\n    \n        <template #link>\n            <v-btn\n                href=\"\/de\/rehydration\/\"\n                                variant=\"flat\" class=\"o-teaserItem__button\"\n            >\n                Zu coco Sports Rehydration            <\/v-btn>\n    <\/template>\n    <\/o-teaser-item-image-bottom>\n\n<o-teaser-item-image-bottom    >\n            <template #image>\n            \n    <component :is=\"'o-image-animation-teaser'\" product-name=\"coco-sports-performance\"><\/component>\n        <\/template>\n    \n        <template #headline>\n        <mark class=\"highlight highlight--color-custom highlight--color-coco-sports-performance\">coco Sports<\/mark><br><mark class=\"highlight highlight--gradient-custom highlight--color-coco-sports-performance\">Performance<\/mark>    <\/template>\n    \n        <template #content>\n        <p>Nat\u00fcrliche Power.<br \/>\nMit Energie und vielen wichtigen Vitalstoffen.<br \/>\n<strong>Bei Leistungs- und Ausdauersport \u2026<\/strong><\/p>\n    <\/template>\n    \n        <template #link>\n            <v-btn\n                href=\"\/de\/performance\/\"\n                                variant=\"flat\" class=\"o-teaserItem__button\"\n            >\n                Zu coco Sports Performance            <\/v-btn>\n    <\/template>\n    <\/o-teaser-item-image-bottom>\n        <\/template>\n    <\/c-teaser-collection>\n\n","protected":false},"excerpt":{"rendered":"","protected":false},"author":3,"featured_media":0,"parent":0,"menu_order":0,"comment_status":"closed","ping_status":"closed","template":"templates\/pdp.php","meta":{"_acf_changed":false,"footnotes":""},"class_list":["post-697","page","type-page","status-publish","hentry"],"acf":[],"yoast_head":"<!-- This site is optimized with the Yoast SEO plugin v27.1.1 - https:\/\/yoast.com\/product\/yoast-seo-wordpress\/ -->\n<title>coco Energy Drink - green coco function<\/title>\n<meta name=\"robots\" content=\"index, follow, max-snippet:-1, max-image-preview:large, max-video-preview:-1\" \/>\n<link rel=\"canonical\" href=\"https:\/\/coco-function.com\/de\/energy\/\" \/>\n<meta property=\"og:locale\" content=\"de_DE\" \/>\n<meta property=\"og:type\" content=\"article\" \/>\n<meta property=\"og:title\" content=\"coco Energy Drink - green coco function\" \/>\n<meta property=\"og:url\" content=\"https:\/\/coco-function.com\/de\/energy\/\" \/>\n<meta property=\"og:site_name\" content=\"green coco function\" \/>\n<meta property=\"article:modified_time\" content=\"2026-02-16T14:53:44+00:00\" \/>\n<meta name=\"twitter:card\" content=\"summary_large_image\" \/>\n<meta name=\"twitter:label1\" content=\"Gesch\u00e4tzte Lesezeit\" \/>\n\t<meta name=\"twitter:data1\" content=\"4\u00a0Minuten\" \/>\n<script type=\"application\/ld+json\" class=\"yoast-schema-graph\">{\"@context\":\"https:\/\/schema.org\",\"@graph\":[{\"@type\":\"WebPage\",\"@id\":\"https:\/\/coco-function.com\/de\/energy\/\",\"url\":\"https:\/\/coco-function.com\/de\/energy\/\",\"name\":\"coco Energy Drink - green coco function\",\"isPartOf\":{\"@id\":\"https:\/\/coco-function.com\/de\/#website\"},\"datePublished\":\"2025-11-07T11:49:45+00:00\",\"dateModified\":\"2026-02-16T14:53:44+00:00\",\"breadcrumb\":{\"@id\":\"https:\/\/coco-function.com\/de\/energy\/#breadcrumb\"},\"inLanguage\":\"de\",\"potentialAction\":[{\"@type\":\"ReadAction\",\"target\":[\"https:\/\/coco-function.com\/de\/energy\/\"]}]},{\"@type\":\"BreadcrumbList\",\"@id\":\"https:\/\/coco-function.com\/de\/energy\/#breadcrumb\",\"itemListElement\":[{\"@type\":\"ListItem\",\"position\":1,\"name\":\"Startseite\",\"item\":\"https:\/\/coco-function.com\/de\/\"},{\"@type\":\"ListItem\",\"position\":2,\"name\":\"coco Energy Drink\"}]},{\"@type\":\"WebSite\",\"@id\":\"https:\/\/coco-function.com\/de\/#website\",\"url\":\"https:\/\/coco-function.com\/de\/\",\"name\":\"green coco function\",\"description\":\"\",\"potentialAction\":[{\"@type\":\"SearchAction\",\"target\":{\"@type\":\"EntryPoint\",\"urlTemplate\":\"https:\/\/coco-function.com\/de\/?s={search_term_string}\"},\"query-input\":{\"@type\":\"PropertyValueSpecification\",\"valueRequired\":true,\"valueName\":\"search_term_string\"}}],\"inLanguage\":\"de\"}]}<\/script>\n<!-- \/ Yoast SEO plugin. -->","yoast_head_json":{"title":"coco Energy Drink - green coco function","robots":{"index":"index","follow":"follow","max-snippet":"max-snippet:-1","max-image-preview":"max-image-preview:large","max-video-preview":"max-video-preview:-1"},"canonical":"https:\/\/coco-function.com\/de\/energy\/","og_locale":"de_DE","og_type":"article","og_title":"coco Energy Drink - green coco function","og_url":"https:\/\/coco-function.com\/de\/energy\/","og_site_name":"green coco function","article_modified_time":"2026-02-16T14:53:44+00:00","twitter_card":"summary_large_image","twitter_misc":{"Gesch\u00e4tzte Lesezeit":"4\u00a0Minuten"},"schema":{"@context":"https:\/\/schema.org","@graph":[{"@type":"WebPage","@id":"https:\/\/coco-function.com\/de\/energy\/","url":"https:\/\/coco-function.com\/de\/energy\/","name":"coco Energy Drink - green coco function","isPartOf":{"@id":"https:\/\/coco-function.com\/de\/#website"},"datePublished":"2025-11-07T11:49:45+00:00","dateModified":"2026-02-16T14:53:44+00:00","breadcrumb":{"@id":"https:\/\/coco-function.com\/de\/energy\/#breadcrumb"},"inLanguage":"de","potentialAction":[{"@type":"ReadAction","target":["https:\/\/coco-function.com\/de\/energy\/"]}]},{"@type":"BreadcrumbList","@id":"https:\/\/coco-function.com\/de\/energy\/#breadcrumb","itemListElement":[{"@type":"ListItem","position":1,"name":"Startseite","item":"https:\/\/coco-function.com\/de\/"},{"@type":"ListItem","position":2,"name":"coco Energy Drink"}]},{"@type":"WebSite","@id":"https:\/\/coco-function.com\/de\/#website","url":"https:\/\/coco-function.com\/de\/","name":"green coco function","description":"","potentialAction":[{"@type":"SearchAction","target":{"@type":"EntryPoint","urlTemplate":"https:\/\/coco-function.com\/de\/?s={search_term_string}"},"query-input":{"@type":"PropertyValueSpecification","valueRequired":true,"valueName":"search_term_string"}}],"inLanguage":"de"}]}},"_links":{"self":[{"href":"https:\/\/coco-function.com\/de\/wp-json\/wp\/v2\/pages\/697","targetHints":{"allow":["GET"]}}],"collection":[{"href":"https:\/\/coco-function.com\/de\/wp-json\/wp\/v2\/pages"}],"about":[{"href":"https:\/\/coco-function.com\/de\/wp-json\/wp\/v2\/types\/page"}],"author":[{"embeddable":true,"href":"https:\/\/coco-function.com\/de\/wp-json\/wp\/v2\/users\/3"}],"replies":[{"embeddable":true,"href":"https:\/\/coco-function.com\/de\/wp-json\/wp\/v2\/comments?post=697"}],"version-history":[{"count":20,"href":"https:\/\/coco-function.com\/de\/wp-json\/wp\/v2\/pages\/697\/revisions"}],"predecessor-version":[{"id":1264,"href":"https:\/\/coco-function.com\/de\/wp-json\/wp\/v2\/pages\/697\/revisions\/1264"}],"wp:attachment":[{"href":"https:\/\/coco-function.com\/de\/wp-json\/wp\/v2\/media?parent=697"}],"curies":[{"name":"wp","href":"https:\/\/api.w.org\/{rel}","templated":true}]}}